{"id":26,"date":"2021-02-10T15:04:05","date_gmt":"2021-02-10T15:04:05","guid":{"rendered":"http:\/\/127.0.0.1\/edsa-wordpress\/?page_id=26"},"modified":"2024-12-06T10:22:59","modified_gmt":"2024-12-06T10:22:59","slug":"kontakt","status":"publish","type":"page","link":"https:\/\/www.orchid-original.cz\/index.php\/kontakt\/","title":{"rendered":"Kontakt"},"content":{"rendered":"\n<div class=\"wp-block-group\"><div class=\"wp-block-group__inner-container\">\n<div class=\"wp-block-columns\">\n<div class=\"wp-block-column\">\n<h3>Adresa spole\u010dnosti <\/h3>\n\n\n\n<p><\/p>\n\n\n\n<h4>ORCHID ORIGINAL S.R.O.<\/h4>\n\n\n\n<p>Dobrovsk\u00e9ho 422\/3,<br>682 01&nbsp;Vy\u0161kov<\/p>\n\n\n\n<p><strong>email:&nbsp;<\/strong><a href=\"mailto:info@orchid-original.cz\">info@orchid-original.cz<\/a><br><strong>facebook:&nbsp;<\/strong><a href=\"https:\/\/www.facebook.com\/OrchidOriginalSRO\" data-type=\"URL\" data-id=\"https:\/\/www.facebook.com\/OrchidOriginalSRO\" target=\"_blank\" rel=\"noreferrer noopener\">facebook.com\/OrchidOriginalSRO<\/a><\/p>\n\n\n\n<p><strong>I\u010cO:<\/strong>&nbsp;09093770<br><strong>DI\u010c:<\/strong>&nbsp;CZ09093770<\/p>\n\n\n\n<p><strong>Otev\u00edrac\u00ed doba:&nbsp;<\/strong>dle dohody<\/p>\n\n\n\n<div class=\"wp-block-group has-background\" style=\"background-color:#ecf9f2\"><div class=\"wp-block-group__inner-container\">\n<h2 class=\"has-white-color has-text-color has-background\" style=\"background-color:#afcca9\">Objedn\u00e1n\u00ed o\u0161et\u0159en\u00ed<\/h2>\n\n\n\n<p class=\"has-text-color has-background\">Objednejte se p\u0159edem na tel. \u010d\u00edsle: <a href=\"tel:+420775384600\"><strong>+420&nbsp;<\/strong><\/a><strong><a rel=\"noreferrer noopener\" href=\"tel:+420775384600\" target=\"_blank\">775 384 600<\/a><\/strong><\/p>\n<\/div><\/div>\n\n\n\n<p><\/p>\n\n\n\n<p><\/p>\n<\/div>\n\n\n\n<div class=\"wp-block-column\">\n<h3>Kontaktn\u00ed formul\u00e1\u0159<\/h3>\n\n\n\n<div class=\"wp-block-contact-form-7-contact-form-selector\"><div role=\"form\" class=\"wpcf7\" id=\"wpcf7-f68-o1\" lang=\"cs-CZ\" dir=\"ltr\">\n<div class=\"screen-reader-response\"><p role=\"status\" aria-live=\"polite\" aria-atomic=\"true\"><\/p> <ul><\/ul><\/div>\n<form action=\"\/index.php\/wp-json\/wp\/v2\/pages\/26#wpcf7-f68-o1\" method=\"post\" class=\"wpcf7-form init\" novalidate=\"novalidate\" data-status=\"init\">\n<div style=\"display: none;\">\n<input type=\"hidden\" name=\"_wpcf7\" value=\"68\" \/>\n<input type=\"hidden\" name=\"_wpcf7_version\" value=\"5.4\" \/>\n<input type=\"hidden\" name=\"_wpcf7_locale\" value=\"cs_CZ\" \/>\n<input type=\"hidden\" name=\"_wpcf7_unit_tag\" value=\"wpcf7-f68-o1\" \/>\n<input type=\"hidden\" name=\"_wpcf7_container_post\" value=\"0\" \/>\n<input type=\"hidden\" name=\"_wpcf7_posted_data_hash\" value=\"\" \/>\n<\/div>\n<p><label> Va\u0161e jm\u00e9no<br \/>\n    <span class=\"wpcf7-form-control-wrap your-name\"><input type=\"text\" name=\"your-name\" value=\"\" size=\"40\" class=\"wpcf7-form-control wpcf7-text wpcf7-validates-as-required\" aria-required=\"true\" aria-invalid=\"false\" \/><\/span> <\/label><\/p>\n<p><label> V\u00e1\u0161 email<br \/>\n    <span class=\"wpcf7-form-control-wrap your-email\"><input type=\"email\" name=\"your-email\" value=\"\" size=\"40\" class=\"wpcf7-form-control wpcf7-text wpcf7-email wpcf7-validates-as-required wpcf7-validates-as-email\" aria-required=\"true\" aria-invalid=\"false\" \/><\/span> <\/label><\/p>\n<p><label> Va\u0161e telefonn\u00ed \u010d\u00edslo<br \/>\n    <span class=\"wpcf7-form-control-wrap phone\"><input type=\"tel\" name=\"phone\" value=\"+420\" size=\"40\" class=\"wpcf7-form-control wpcf7-text wpcf7-tel wpcf7-validates-as-required wpcf7-validates-as-tel\" aria-required=\"true\" aria-invalid=\"false\" \/><\/span> <\/label><\/p>\n<p><label> Va\u0161e zpr\u00e1va<br \/>\n    <span class=\"wpcf7-form-control-wrap your-message\"><textarea name=\"your-message\" cols=\"40\" rows=\"10\" class=\"wpcf7-form-control wpcf7-textarea wpcf7-validates-as-required\" aria-required=\"true\" aria-invalid=\"false\"><\/textarea><\/span> <\/label><\/p>\n<p><input type=\"submit\" value=\"Odeslat\" class=\"wpcf7-form-control wpcf7-submit button\" \/><\/p>\n<div class=\"wpcf7-response-output\" aria-hidden=\"true\"><\/div><\/form><\/div><\/div>\n\n\n\n<p><\/p>\n<\/div>\n<\/div>\n<\/div><\/div>\n\n\n\n<div class=\"wp-block-group has-white-color has-text-color has-background\" style=\"background-color:#ecf9f2\"><div class=\"wp-block-group__inner-container\">\n<h2 class=\"has-white-color has-text-color has-background\" style=\"background-color:#afcca9\">Jak se k n\u00e1m dostanete?<\/h2>\n\n\n\n<iframe src=\"https:\/\/frame.mapy.cz\/s\/ducelevara\" width=\"90%\" height=\"450\" style=\"border:0; margin-left: 5%;\" allowfullscreen=\"\" loading=\"lazy\"><\/iframe>\n<\/div><\/div>\n","protected":false},"excerpt":{"rendered":"","protected":false},"author":2,"featured_media":0,"parent":0,"menu_order":0,"comment_status":"closed","ping_status":"closed","template":"","meta":[],"_links":{"self":[{"href":"https:\/\/www.orchid-original.cz\/index.php\/wp-json\/wp\/v2\/pages\/26"}],"collection":[{"href":"https:\/\/www.orchid-original.cz\/index.php\/wp-json\/wp\/v2\/pages"}],"about":[{"href":"https:\/\/www.orchid-original.cz\/index.php\/wp-json\/wp\/v2\/types\/page"}],"author":[{"embeddable":true,"href":"https:\/\/www.orchid-original.cz\/index.php\/wp-json\/wp\/v2\/users\/2"}],"replies":[{"embeddable":true,"href":"https:\/\/www.orchid-original.cz\/index.php\/wp-json\/wp\/v2\/comments?post=26"}],"version-history":[{"count":31,"href":"https:\/\/www.orchid-original.cz\/index.php\/wp-json\/wp\/v2\/pages\/26\/revisions"}],"predecessor-version":[{"id":618,"href":"https:\/\/www.orchid-original.cz\/index.php\/wp-json\/wp\/v2\/pages\/26\/revisions\/618"}],"wp:attachment":[{"href":"https:\/\/www.orchid-original.cz\/index.php\/wp-json\/wp\/v2\/media?parent=26"}],"curies":[{"name":"wp","href":"https:\/\/api.w.org\/{rel}","templated":true}]}}