{"id":196,"date":"2021-03-22T12:01:21","date_gmt":"2021-03-22T12:01:21","guid":{"rendered":"http:\/\/127.0.0.1\/edsa-wordpress\/?page_id=196"},"modified":"2024-12-06T10:34:54","modified_gmt":"2024-12-06T10:34:54","slug":"o-biorezonanci","status":"publish","type":"page","link":"https:\/\/www.orchid-original.cz\/","title":{"rendered":"O biorezonanci"},"content":{"rendered":"\n<div class=\"wp-block-group has-background\" style=\"background-color:#ecf9f2\"><div class=\"wp-block-group__inner-container\">\n<h2 class=\"has-white-color has-text-color has-background\" style=\"background-color:#afcca9\">Celostn\u00ed p\u0159\u00edstup<\/h2>\n\n\n\n<div class=\"wp-block-columns alignfull\">\n<div class=\"wp-block-column padded-text\">\n<p class=\"has-text-color\">Terapie BICOM je zalo\u017eena na celostn\u00edm p\u0159\u00edstupu a up\u0159ednost\u0148uje zji\u0161\u0165ov\u00e1n\u00ed p\u0159\u00ed\u010din nikoli pouze p\u0159\u00edznak\u016f. Jedn\u00e1 se o speci\u00e1ln\u00ed postup ur\u010den\u00fd pro&nbsp;<strong>zji\u0161\u0165ov\u00e1n\u00ed a odstran\u011bn\u00ed z\u00e1t\u011b\u017e\u00ed na biofyzik\u00e1ln\u00ed \u00farovni<\/strong>.<\/p>\n\n\n\n<p class=\"has-text-color\">\u010clov\u011bk nen\u00ed tvo\u0159en jen bu\u0148kami, tk\u00e1n\u011bmi a&nbsp;org\u00e1ny, ale i&nbsp;rozumov\u00fdmi a&nbsp;emo\u010dn\u00edmi projevy. Celostn\u00ed medic\u00edna tedy pom\u00e1h\u00e1 jin\u00fdm zp\u016fsobem, a&nbsp;to tak, \u017ee najde a&nbsp;\u0159e\u0161\u00ed p\u0159\u00ed\u010diny nemoci, kter\u00e9 mohou b\u00fdt rozprost\u0159eny r\u016fzn\u011b po&nbsp;t\u011ble, ale i&nbsp;v psychice.<\/p>\n\n\n\n<p class=\"has-text-color\">Na rozd\u00edl od&nbsp;z\u00e1padn\u00edho l\u00e9ka\u0159stv\u00ed nepotla\u010duje jen p\u0159\u00edznaky nemoci. Nenut\u00ed pacientovi z\u00e1vislost na&nbsp;l\u00e9c\u00edch, kter\u00e9 mohou \u0161kodit vedlej\u0161\u00edmi \u00fa\u010dinky a&nbsp;t\u00edm mohou u&nbsp;pacienta vyvolat jin\u00e9 pot\u00ed\u017ee.<\/p>\n<\/div>\n\n\n\n<div class=\"wp-block-column\">\n<figure class=\"wp-block-image size-large\"><img loading=\"lazy\" width=\"1024\" height=\"681\" src=\"http:\/\/www.orchid-original.cz\/wp-content\/uploads\/2021\/03\/jenny-hill-mQVWb7kUoOE-unsplash-1024x681.jpg\" alt=\"\" class=\"wp-image-394\" srcset=\"https:\/\/www.orchid-original.cz\/wp-content\/uploads\/2021\/03\/jenny-hill-mQVWb7kUoOE-unsplash-1024x681.jpg 1024w, https:\/\/www.orchid-original.cz\/wp-content\/uploads\/2021\/03\/jenny-hill-mQVWb7kUoOE-unsplash-300x200.jpg 300w, https:\/\/www.orchid-original.cz\/wp-content\/uploads\/2021\/03\/jenny-hill-mQVWb7kUoOE-unsplash-768x511.jpg 768w, https:\/\/www.orchid-original.cz\/wp-content\/uploads\/2021\/03\/jenny-hill-mQVWb7kUoOE-unsplash-1536x1022.jpg 1536w, https:\/\/www.orchid-original.cz\/wp-content\/uploads\/2021\/03\/jenny-hill-mQVWb7kUoOE-unsplash-2048x1363.jpg 2048w\" sizes=\"(max-width: 1024px) 100vw, 1024px\" \/><\/figure>\n<\/div>\n<\/div>\n\n\n\n<p>   <\/p>\n\n\n\n<p><\/p>\n<\/div><\/div>\n\n\n\n<div class=\"wp-block-group has-background\" style=\"background-color:#cfedee\"><div class=\"wp-block-group__inner-container\">\n<h2 class=\"has-white-color has-text-color has-background\" style=\"background-color:#afcca9\">Pro\u010d metoda BICOM?<\/h2>\n\n\n\n<div class=\"wp-block-columns\">\n<div class=\"wp-block-column\">\n<figure class=\"wp-block-image size-large\"><img loading=\"lazy\" width=\"1024\" height=\"679\" src=\"http:\/\/www.orchid-original.cz\/wp-content\/uploads\/2021\/03\/andrew-welch-i5Crg4KLblY-unsplash-1024x679.jpg\" alt=\"\" class=\"wp-image-400\" srcset=\"https:\/\/www.orchid-original.cz\/wp-content\/uploads\/2021\/03\/andrew-welch-i5Crg4KLblY-unsplash-1024x679.jpg 1024w, https:\/\/www.orchid-original.cz\/wp-content\/uploads\/2021\/03\/andrew-welch-i5Crg4KLblY-unsplash-300x199.jpg 300w, https:\/\/www.orchid-original.cz\/wp-content\/uploads\/2021\/03\/andrew-welch-i5Crg4KLblY-unsplash-768x509.jpg 768w, https:\/\/www.orchid-original.cz\/wp-content\/uploads\/2021\/03\/andrew-welch-i5Crg4KLblY-unsplash-1536x1018.jpg 1536w, https:\/\/www.orchid-original.cz\/wp-content\/uploads\/2021\/03\/andrew-welch-i5Crg4KLblY-unsplash-2048x1358.jpg 2048w\" sizes=\"(max-width: 1024px) 100vw, 1024px\" \/><\/figure>\n<\/div>\n\n\n\n<div class=\"wp-block-column padded-text\">\n<p class=\"has-text-color\">P\u0159i l\u00e9\u010den\u00ed akutn\u00edch stav\u016f v chirurgii dok\u00e1\u017ee b\u011b\u017en\u00e1 medic\u00edna velkolep\u00e9 v\u011bci. L\u00e9\u010dba chronick\u00fdch onemocn\u011bn\u00ed se vyv\u00edj\u00ed slo\u017eit\u011bji a mnoz\u00ed pacienti s n\u00ed nejsou spokojeni.<\/p>\n\n\n\n<p class=\"has-text-color\">Biorezonan\u010dn\u00ed metoda Bicom je speci\u00e1ln\u00ed diagnostick\u00fd a terapeutick\u00fd postup, kter\u00fdm mohou b\u00fdt u mnoh\u00fdch p\u0159\u00edpad\u016f zji\u0161t\u011bny a eliminov\u00e1ny skute\u010dn\u00e9 \u2013 \u010dasto <strong>skryt\u00e9 \u2013 p\u0159\u00ed\u010diny onemocn\u011bn\u00ed, kter\u00e9 nen\u00ed v\u017edy mo\u017eno analyzovat na laboratorn\u00ed \u00farovni.<\/strong><\/p>\n<\/div>\n<\/div>\n\n\n\n<p>   <\/p>\n\n\n\n<p><\/p>\n<\/div><\/div>\n\n\n\n<div class=\"wp-block-group has-background\" style=\"background-color:#ecf9f2\"><div class=\"wp-block-group__inner-container\">\n<h2 class=\"has-white-color has-text-color has-background\" style=\"background-color:#afcca9\">Jak funguje metoda BICOM?<\/h2>\n\n\n\n<div class=\"wp-block-columns\">\n<div class=\"wp-block-column padded-text\">\n<p class=\"has-text-color\">\nBiorezonan\u010dn\u00ed metoda BICOM se pou\u017e\u00edv\u00e1 v z\u00e1padn\u00ed Evrop\u011b ji\u017e v\u00edce ne\u017e 30 let v hum\u00e1nn\u00ed, a p\u0159es 15 let ve veterin\u00e1rn\u00ed medic\u00edn\u011b a poch\u00e1z\u00ed z N\u011bmecka. Pat\u0159\u00ed stejn\u011b jako nap\u0159. homeopatie a akupunktura do oblasti tzv. \u201ckomplement\u00e1rn\u00ed medic\u00edny\u201d<\/p>\n\n\n\n<p class=\"has-text-color\">D\u016fle\u017eit\u00e9 teoretick\u00e9 z\u00e1klady biorezonan\u010dn\u00ed terapie se potvrzuj\u00ed prost\u0159ednictv\u00edm nejnov\u011bj\u0161\u00edch poznatk\u016f v kvantov\u00e9 fyzice a v biofyzice, av\u0161ak nejsou je\u0161t\u011b akceptov\u00e1ny sou\u010dasn\u00fdmi n\u00e1zory \u201c\u0161koln\u00ed medic\u00edny\u201d.<\/p>\n\n\n\n<p class=\"has-text-color\">Podle poznatk\u016f kvantov\u00e9 fyziky maj\u00ed materi\u00e1ln\u00ed \u010d\u00e1stice jak vlnov\u00fd, tak i \u010d\u00e1sticov\u00fd charakter. To znamen\u00e1, \u017ee ka\u017ed\u00e1 hmota je vlastn\u011b energie a v\u0161echny substance, tedy i v\u0161echny bu\u0148ky, \u010d\u00e1sti t\u011bla, ale tak\u00e9 mikroorganismy (viry, bakterie) a patologick\u00e9 l\u00e1tky (nap\u0159. pyly, toxiny, t\u011b\u017ek\u00e9 kovy), vys\u00edlaj\u00ed elektromagnetick\u00e9 vln\u011bn\u00ed (tzv. frekven\u010dn\u00ed vzorek), kter\u00e9 m\u016f\u017eeme zm\u011b\u0159it.<\/p>\n<\/div>\n\n\n\n<div class=\"wp-block-column\">\n<figure class=\"wp-block-image size-large\"><img loading=\"lazy\" width=\"1024\" height=\"1024\" src=\"http:\/\/www.orchid-original.cz\/wp-content\/uploads\/2021\/03\/dose-juice-j_YWoV_uzRw-unsplash-1024x1024.jpg\" alt=\"\" class=\"wp-image-393\" srcset=\"https:\/\/www.orchid-original.cz\/wp-content\/uploads\/2021\/03\/dose-juice-j_YWoV_uzRw-unsplash-1024x1024.jpg 1024w, https:\/\/www.orchid-original.cz\/wp-content\/uploads\/2021\/03\/dose-juice-j_YWoV_uzRw-unsplash-300x300.jpg 300w, https:\/\/www.orchid-original.cz\/wp-content\/uploads\/2021\/03\/dose-juice-j_YWoV_uzRw-unsplash-150x150.jpg 150w, https:\/\/www.orchid-original.cz\/wp-content\/uploads\/2021\/03\/dose-juice-j_YWoV_uzRw-unsplash-768x768.jpg 768w, https:\/\/www.orchid-original.cz\/wp-content\/uploads\/2021\/03\/dose-juice-j_YWoV_uzRw-unsplash-1536x1536.jpg 1536w, https:\/\/www.orchid-original.cz\/wp-content\/uploads\/2021\/03\/dose-juice-j_YWoV_uzRw-unsplash-2048x2048.jpg 2048w\" sizes=\"(max-width: 1024px) 100vw, 1024px\" \/><\/figure>\n<\/div>\n<\/div>\n\n\n\n<p>   <\/p>\n\n\n\n<p><\/p>\n<\/div><\/div>\n","protected":false},"excerpt":{"rendered":"","protected":false},"author":2,"featured_media":0,"parent":0,"menu_order":0,"comment_status":"closed","ping_status":"closed","template":"","meta":[],"_links":{"self":[{"href":"https:\/\/www.orchid-original.cz\/index.php\/wp-json\/wp\/v2\/pages\/196"}],"collection":[{"href":"https:\/\/www.orchid-original.cz\/index.php\/wp-json\/wp\/v2\/pages"}],"about":[{"href":"https:\/\/www.orchid-original.cz\/index.php\/wp-json\/wp\/v2\/types\/page"}],"author":[{"embeddable":true,"href":"https:\/\/www.orchid-original.cz\/index.php\/wp-json\/wp\/v2\/users\/2"}],"replies":[{"embeddable":true,"href":"https:\/\/www.orchid-original.cz\/index.php\/wp-json\/wp\/v2\/comments?post=196"}],"version-history":[{"count":16,"href":"https:\/\/www.orchid-original.cz\/index.php\/wp-json\/wp\/v2\/pages\/196\/revisions"}],"predecessor-version":[{"id":638,"href":"https:\/\/www.orchid-original.cz\/index.php\/wp-json\/wp\/v2\/pages\/196\/revisions\/638"}],"wp:attachment":[{"href":"https:\/\/www.orchid-original.cz\/index.php\/wp-json\/wp\/v2\/media?parent=196"}],"curies":[{"name":"wp","href":"https:\/\/api.w.org\/{rel}","templated":true}]}}